{"id":1542,"date":"2024-01-08T12:52:43","date_gmt":"2024-01-08T11:52:43","guid":{"rendered":"https:\/\/anidata.de\/?page_id=1542"},"modified":"2024-01-08T12:52:43","modified_gmt":"2024-01-08T11:52:43","slug":"datenschutz","status":"publish","type":"page","link":"https:\/\/anidata.de\/?page_id=1542","title":{"rendered":"Datenschutz"},"content":{"rendered":"\n<h2 class=\"wp-block-heading\">Datenschutzerkl\u00e4rung<\/h2>\n\n\n\n<h3 class=\"wp-block-heading\"><strong>Erhebung, Verarbeitung und Nutzung personenbezogener Daten<\/strong><\/h3>\n\n\n\n<p>Sie k\u00f6nnen unsere Internetseite besuchen, ohne Angaben zu Ihrer Person zu machen. Wir speichern lediglich Zugriffsdaten ohne Personenbezug wie z. B.&nbsp; Namen Ihres Internet Service Providers, die Seite, von der aus Sie uns besuchen oder den Namen der angeforderten Datei. Diese Daten werden ausschlie\u00dflich zur Verbesserung unseres Angebotes ausgewertet und erlauben keinen R\u00fcckschluss auf Ihre Person. Personenbezogene Daten werden nur erhoben, wenn Sie uns diese im Rahmen Ihrer Anfrage bzw. Bestellung oder Registrierung f\u00fcr unseren Newsletter freiwillig mitteilen. Wir verwenden die von Ihnen mitgeteilten Daten ohne Ihre Einwilligung ausschlie\u00dflich zur Erf\u00fcllung und Abwicklung Ihrer Anfrage bzw. Bestellung. Mit vollst\u00e4ndiger Abwicklung des Vertrages und vollst\u00e4ndiger Kaufpreiszahlung werden Ihre Daten f\u00fcr die weitere Verwendung gesperrt und nach Ablauf der steuer- und handelsrechtlichen Aufbewahrungsfrist gel\u00f6scht, sofern Sie nicht ausdr\u00fccklich in die weitere Nutzung Ihrer Daten eingewilligt haben. Bei Anmeldung zum Newsletter wird Ihre E-Mail-Adresse f\u00fcr eigene Werbezwecke genutzt, bis Sie sich vom Newsletter abmelden. Die Abmeldung ist jederzeit m\u00f6glich. Ebenso wird der Nutzung unserer ver\u00f6ffentlichten Kontaktdaten auf unseren Webseiten durch Dritte zur \u00dcbersendung von nicht ausdr\u00fccklich angeforderter Werbung und Informationsmaterialien hiermit ausdr\u00fccklich widersprochen.<\/p>\n\n\n\n<h3 class=\"wp-block-heading\"><strong>Verwendung von Cookies<\/strong><\/h3>\n\n\n\n<p>Um die Nutzung bestimmter Funktionen zu erm\u00f6glichen, verwenden wir auf verschiedenen Seiten sogenannte Cookies. Hierbei handelt es sich um kleine Textdateien, die auf Ihrem Endger\u00e4t abgelegt werden. Einige der von uns verwendeten Cookies werden nach Schlie\u00dfung Ihres Browsers wieder gel\u00f6scht (sog. Sitzungs-Cookies). Andere Cookies verbleiben auf Ihrem Endger\u00e4t und erm\u00f6glichen uns oder unseren Partnerunternehmen, Ihren Browser beim n\u00e4chsten Besuch wiederzuerkennen (persistente Cookies). Sie k\u00f6nnen Ihren Browser so einstellen, dass Sie \u00fcber das Setzen von Cookies informiert werden und einzeln \u00fcber deren Annahme entscheiden oder die Annahme von Cookies f\u00fcr bestimmte F\u00e4lle oder generell ausschlie\u00dfen. Bei der Nichtannahme von Cookies kann die Funktionalit\u00e4t unserer Website eingeschr\u00e4nkt sein.<\/p>\n\n\n\n<h3 class=\"wp-block-heading\">Eingebettete Inhalte von anderen Websites<\/h3>\n\n\n\n<p>Beitr\u00e4ge auf dieser Website k\u00f6nnen eingebettete Inhalte beinhalten (z.&nbsp;B. Videos, Bilder, Beitr\u00e4ge etc.). Eingebettete Inhalte von anderen Websites verhalten sich exakt so, als ob der Besucher die andere Website besucht h\u00e4tte. Diese Websites k\u00f6nnen ebenfalls personenbezogene Daten sammeln, Cookies benutzen, zus\u00e4tzliche Tracking-Dienste von Dritten einbetten und Interaktion mit diesem eingebetteten Inhalt aufzeichnen, inklusive Interaktion mit dem eingebetteten Inhalt, falls Sie ein Konto haben und auf dieser Website angemeldet sind.<\/p>\n\n\n\n<h3 class=\"wp-block-heading\"><strong>Weitergabe personenbezogener Daten<\/strong><\/h3>\n\n\n\n<p>Eine Weitergabe Ihrer Daten erfolgt an mit der Lieferung beauftrage Versandunternehmen, soweit dies zur Lieferung der Ware notwendig ist. Zur Abwicklung von Zahlungen geben wir Ihre Zahlungsdaten an das mit der Zahlung beauftragte Kreditinstitut bzw. an den im Bestellprozess gew\u00e4hlten Zahlungsdienst weiter. Ansonsten werden Ihre Daten ohne Ihre ausdr\u00fcckliche Zustimmung nicht an Dritte weitergegeben.<\/p>\n\n\n\n<h3 class=\"wp-block-heading\"><strong>Auskunftsrecht<\/strong><\/h3>\n\n\n\n<p>Nach dem Bundesdatenschutzgesetz haben Sie ein Recht auf unentgeltliche Auskunft \u00fcber die zu Ihrer Person bei uns gespeicherten Daten sowie ggf. ein Recht auf Berichtigung, Sperrung oder L\u00f6schung dieser Daten.<\/p>\n\n\n\n<h3 class=\"wp-block-heading\"><strong>Ansprechpartner f\u00fcr Datenschutz<\/strong><\/h3>\n\n\n\n<p>Bei Fragen zur Erhebung, Verarbeitung oder Nutzung Ihrer personenbezogenen Daten, bei Ausk\u00fcnften, Berichtigung, Sperrung oder L\u00f6schung sowie Widerruf erteilter Einwilligungen wenden Sie sich bitte an: Comitas Software GmbH \/ Dipl.Ing.J.Haupt, Hauptstr.101, 04416 Markkleeberg oder an\u00a0<a href=\"mailto:info@anidata.de\">info@anidata.de<\/a><\/p>\n","protected":false},"excerpt":{"rendered":"<p>Datenschutzerkl\u00e4rung Erhebung, Verarbeitung und Nutzung personenbezogener Daten Sie k\u00f6nnen unsere Internetseite besuchen, ohne Angaben zu Ihrer Person zu machen. Wir speichern lediglich Zugriffsdaten ohne Personenbezug wie z. B.&nbsp; Namen Ihres Internet Service Providers, die Seite, von der aus Sie uns<\/p>\n","protected":false},"author":1,"featured_media":0,"parent":0,"menu_order":0,"comment_status":"closed","ping_status":"closed","template":"","meta":{"BoldBlocksTypography":[],"footnotes":""},"_links":{"self":[{"href":"https:\/\/anidata.de\/index.php?rest_route=\/wp\/v2\/pages\/1542"}],"collection":[{"href":"https:\/\/anidata.de\/index.php?rest_route=\/wp\/v2\/pages"}],"about":[{"href":"https:\/\/anidata.de\/index.php?rest_route=\/wp\/v2\/types\/page"}],"author":[{"embeddable":true,"href":"https:\/\/anidata.de\/index.php?rest_route=\/wp\/v2\/users\/1"}],"replies":[{"embeddable":true,"href":"https:\/\/anidata.de\/index.php?rest_route=%2Fwp%2Fv2%2Fcomments&post=1542"}],"version-history":[{"count":1,"href":"https:\/\/anidata.de\/index.php?rest_route=\/wp\/v2\/pages\/1542\/revisions"}],"predecessor-version":[{"id":1543,"href":"https:\/\/anidata.de\/index.php?rest_route=\/wp\/v2\/pages\/1542\/revisions\/1543"}],"wp:attachment":[{"href":"https:\/\/anidata.de\/index.php?rest_route=%2Fwp%2Fv2%2Fmedia&parent=1542"}],"curies":[{"name":"wp","href":"https:\/\/api.w.org\/{rel}","templated":true}]}}